{"id":47,"date":"2025-05-27T17:11:56","date_gmt":"2025-05-27T20:11:56","guid":{"rendered":"https:\/\/baaa.com.br\/?page_id=47"},"modified":"2025-05-29T20:40:04","modified_gmt":"2025-05-29T23:40:04","slug":"profissionais","status":"publish","type":"page","link":"https:\/\/baaa.com.br\/index.php\/profissionais\/","title":{"rendered":"Profissionais"},"content":{"rendered":"\t\t<div data-elementor-type=\"wp-page\" data-elementor-id=\"47\" class=\"elementor elementor-47\" data-elementor-post-type=\"page\">\n\t\t\t\t<div class=\"elementor-element elementor-element-f1d4069 e-flex e-con-boxed e-con e-parent\" data-id=\"f1d4069\" data-element_type=\"container\">\n\t\t\t\t\t<div class=\"e-con-inner\">\n\t\t\t\t<div class=\"elementor-element elementor-element-bf5fd39 elementor-widget__width-inherit elementor-widget elementor-widget-heading\" data-id=\"bf5fd39\" data-element_type=\"widget\" data-widget_type=\"heading.default\">\n\t\t\t\t<div class=\"elementor-widget-container\">\n\t\t\t\t\t<h3 class=\"elementor-heading-title elementor-size-default\">Anderson Bellini Aloisio<\/h3>\t\t\t\t<\/div>\n\t\t\t\t<\/div>\n\t\t\t\t<div class=\"elementor-element elementor-element-cb736c8 elementor-widget__width-inherit elementor-widget elementor-widget-heading\" data-id=\"cb736c8\" data-element_type=\"widget\" data-widget_type=\"heading.default\">\n\t\t\t\t<div class=\"elementor-widget-container\">\n\t\t\t\t\t<p class=\"elementor-heading-title elementor-size-default\">OAB\/RS n\u00ba 51.954<\/p>\t\t\t\t<\/div>\n\t\t\t\t<\/div>\n\t\t\t\t<div class=\"elementor-element elementor-element-cef69dc elementor-widget__width-initial elementor-widget-mobile__width-inherit elementor-widget elementor-widget-image\" data-id=\"cef69dc\" data-element_type=\"widget\" data-widget_type=\"image.default\">\n\t\t\t\t<div class=\"elementor-widget-container\">\n\t\t\t\t\t\t\t\t\t\t\t\t\t\t\t<img decoding=\"async\" src=\"https:\/\/baaa.com.br\/wp-content\/uploads\/2025\/05\/Anderson-Bellini-Aloisio.jpg\" title=\"Anderson-Bellini-Aloisio\" alt=\"Anderson-Bellini-Aloisio\" loading=\"lazy\" \/>\t\t\t\t\t\t\t\t\t\t\t\t\t\t\t<\/div>\n\t\t\t\t<\/div>\n\t\t\t\t<div class=\"elementor-element elementor-element-80751fa elementor-widget__width-initial elementor-widget-mobile__width-inherit elementor-widget elementor-widget-text-editor\" data-id=\"80751fa\" data-element_type=\"widget\" data-widget_type=\"text-editor.default\">\n\t\t\t\t<div class=\"elementor-widget-container\">\n\t\t\t\t\t\t\t\t\t<ul>\n<li>Formado pela <strong>Universidade do Vale do Rio dos Sinos \u2013 UNISINOS<\/strong> na turma de 2000\/2. Apresentou perante banca examinadora, monografia de conclus\u00e3o curso intitulada <em><strong>\u201cDo efeito suspensivo e da liminar, no agravo de instrumento\u201d<\/strong><\/em>, tendo sido aprovado com distin\u00e7\u00e3o, obtendo nota 10.<\/li>\n<li>P\u00f3s-graduado em Processo Civil pela Universidade do Vale do Rio dos Sinos \u2013 UNISINOS, na turma de 2003. Apresentou perante banca examinadora, monografia de conclus\u00e3o de curso intitulada <em><strong>\u201cAplica\u00e7\u00e3o da Teoria das Nulidades aos pressupostos processuais e \u00e0s condi\u00e7\u00f5es da a\u00e7\u00e3o\u201d<\/strong><\/em>, tendo sido aprovado com distin\u00e7\u00e3o, obtendo nota 10.<\/li>\n<li>P\u00f3s-graduado em Direito Empresarial pela Pontif\u00edcia Universidade Cat\u00f3lica do Rio Grande do Sul \u2013 PUCRS na turma de 2007. Apresentou monografia de conclus\u00e3o de curso intitulada <em><strong>\u201cA A\u00e7\u00e3o de Presta\u00e7\u00e3o de Contas no Direito Societ\u00e1rio Brasileiro\u201d<\/strong><\/em>, tendo sido aprovada com nota 10.<\/li>\n<li>Mestre em Direito pela Universidade do Vale do Rio dos Sinos \u2013 UNISINOS, no ano de 2015. Apresentou perante banca examinadora, disserta\u00e7\u00e3o intitulada <strong><em>\u201cEpistemologia das san\u00e7\u00f5es processuais: uma an\u00e1lise com enfoque nas astreintes <\/em>e seu impacto na concretiza\u00e7\u00e3o de direitos\u201d<\/strong> tendo sido aprovado com nota 10.<\/li>\n<li>Foi procurador da Universidade do Vale do Rio dos Sinos \u2013 UNISINOS, nos anos de 2004 e 2005.<\/li>\n<li>Foi Coordenador-adjunto do II Ciclo de Debates da OAB\/RS no ano de 2004, tendo presidido o Painel que tratava do processo de conhecimento.<\/li>\n<li>Foi Presidente de mesa do VII Ciclo de Debates da OAB\/RS sobre <em><strong>\u201cAs Recentes Reformas do C\u00f3digo de Processo Civil\u201d<\/strong><\/em>, tendo como objeto a liquida\u00e7\u00e3o e cumprimento de senten\u00e7a.<\/li>\n<li>Um dos seus artigos jur\u00eddicos intitulado <em><strong>\u201cA corrup\u00e7\u00e3o parlamentar pode invalidar as Leis?\u201d<\/strong><\/em> foi utilizado como tema de reda\u00e7\u00e3o de vestibular da Universidade Presbiteriana Mackenzie.<\/li>\n<\/ul>\t\t\t\t\t\t\t\t<\/div>\n\t\t\t\t<\/div>\n\t\t\t\t\t<\/div>\n\t\t\t\t<\/div>\n\t\t\t\t<\/div>\n\t\t","protected":false},"excerpt":{"rendered":"<p>Anderson Bellini Aloisio OAB\/RS n\u00ba 51.954 Formado pela Universidade do Vale do Rio dos Sinos \u2013 UNISINOS na turma de 2000\/2. Apresentou perante banca examinadora, monografia de conclus\u00e3o curso intitulada \u201cDo efeito suspensivo e da liminar, no agravo de instrumento\u201d, tendo sido aprovado com distin\u00e7\u00e3o, obtendo nota 10. P\u00f3s-graduado em Processo Civil pela Universidade do [&hellip;]<\/p>\n","protected":false},"author":1,"featured_media":0,"parent":0,"menu_order":0,"comment_status":"closed","ping_status":"closed","template":"","meta":{"footnotes":""},"class_list":["post-47","page","type-page","status-publish","hentry"],"_links":{"self":[{"href":"https:\/\/baaa.com.br\/index.php\/wp-json\/wp\/v2\/pages\/47","targetHints":{"allow":["GET"]}}],"collection":[{"href":"https:\/\/baaa.com.br\/index.php\/wp-json\/wp\/v2\/pages"}],"about":[{"href":"https:\/\/baaa.com.br\/index.php\/wp-json\/wp\/v2\/types\/page"}],"author":[{"embeddable":true,"href":"https:\/\/baaa.com.br\/index.php\/wp-json\/wp\/v2\/users\/1"}],"replies":[{"embeddable":true,"href":"https:\/\/baaa.com.br\/index.php\/wp-json\/wp\/v2\/comments?post=47"}],"version-history":[{"count":13,"href":"https:\/\/baaa.com.br\/index.php\/wp-json\/wp\/v2\/pages\/47\/revisions"}],"predecessor-version":[{"id":194,"href":"https:\/\/baaa.com.br\/index.php\/wp-json\/wp\/v2\/pages\/47\/revisions\/194"}],"wp:attachment":[{"href":"https:\/\/baaa.com.br\/index.php\/wp-json\/wp\/v2\/media?parent=47"}],"curies":[{"name":"wp","href":"https:\/\/api.w.org\/{rel}","templated":true}]}}