{"id":2,"date":"2025-05-27T15:20:17","date_gmt":"2025-05-27T18:20:17","guid":{"rendered":"http:\/\/baaa.com.br\/?page_id=2"},"modified":"2025-05-30T15:53:21","modified_gmt":"2025-05-30T18:53:21","slug":"escritorio","status":"publish","type":"page","link":"https:\/\/baaa.com.br\/","title":{"rendered":"Escrit\u00f3rio"},"content":{"rendered":"\t\t<div data-elementor-type=\"wp-page\" data-elementor-id=\"2\" class=\"elementor elementor-2\" data-elementor-post-type=\"page\">\n\t\t\t\t<div class=\"elementor-element elementor-element-db10489 e-flex e-con-boxed e-con e-parent\" data-id=\"db10489\" data-element_type=\"container\" data-settings=\"{&quot;background_background&quot;:&quot;slideshow&quot;,&quot;background_slideshow_gallery&quot;:[{&quot;id&quot;:181,&quot;url&quot;:&quot;http:\\\/\\\/baaa.com.br\\\/wp-content\\\/uploads\\\/2025\\\/05\\\/Imagem-do-WhatsApp-de-2025-05-29-as-14.55.07_22155b52.jpg&quot;},{&quot;id&quot;:199,&quot;url&quot;:&quot;http:\\\/\\\/baaa.com.br\\\/wp-content\\\/uploads\\\/2025\\\/05\\\/por-do-sol.jpg&quot;},{&quot;id&quot;:200,&quot;url&quot;:&quot;http:\\\/\\\/baaa.com.br\\\/wp-content\\\/uploads\\\/2025\\\/05\\\/Imagem-do-WhatsApp-de-2025-05-29-as-14.57.24_24bf4a77.jpg&quot;}],&quot;background_slideshow_ken_burns&quot;:&quot;yes&quot;,&quot;background_slideshow_loop&quot;:&quot;yes&quot;,&quot;background_slideshow_slide_duration&quot;:5000,&quot;background_slideshow_slide_transition&quot;:&quot;fade&quot;,&quot;background_slideshow_transition_duration&quot;:500,&quot;background_slideshow_ken_burns_zoom_direction&quot;:&quot;in&quot;}\">\n\t\t\t\t\t<div class=\"e-con-inner\">\n\t\t\t\t\t<\/div>\n\t\t\t\t<\/div>\n\t\t<div class=\"elementor-element elementor-element-3f497a02 e-flex e-con-boxed e-con e-parent\" data-id=\"3f497a02\" data-element_type=\"container\">\n\t\t\t\t\t<div class=\"e-con-inner\">\n\t\t\t\t<div class=\"elementor-element elementor-element-1dd6cded elementor-widget elementor-widget-text-editor\" data-id=\"1dd6cded\" data-element_type=\"widget\" data-widget_type=\"text-editor.default\">\n\t\t\t\t<div class=\"elementor-widget-container\">\n\t\t\t\t\t\t\t\t\t\n<p><strong>Bellini Aloisio Advogados Associados<\/strong> dedica-se ao Direito Empresarial e ao Direito Civil, exercendo uma advocacia que se dedica a tratar, com exclusividade, dos casos \u00e0 n\u00f3s confiados.<\/p>\n<p>Nossos processos s\u00e3o redigidos e acompanhados pessoalmente pelo titular do escrit\u00f3rio, resultando em uma advocacia exclusiva e de excel\u00eancia para nossos clientes.<\/p>\n<p>Algumas de nossas \u00e1reas de atua\u00e7\u00e3o s\u00e3o: a\u00e7\u00f5es de responsabilidade civil (indeniza\u00e7\u00f5es), lit\u00edgios societ\u00e1rios (disputas entre s\u00f3cios, exclus\u00e3o de s\u00f3cios desavindos e quest\u00f5es sucess\u00f3rias envolvendo direito societ\u00e1rio), contratos e outros temas de direito e processo civil.<\/p>\n<ul class=\"wp-block-list\"><\/ul>\n<!-- \/wp:list -->\t\t\t\t\t\t\t\t<\/div>\n\t\t\t\t<\/div>\n\t\t\t\t\t<\/div>\n\t\t\t\t<\/div>\n\t\t<div class=\"elementor-element elementor-element-e74a250 e-flex e-con-boxed e-con e-parent\" data-id=\"e74a250\" data-element_type=\"container\">\n\t\t\t\t\t<div class=\"e-con-inner\">\n\t\t\t\t<div class=\"elementor-element elementor-element-0da9ef4 elementor-widget elementor-widget-heading\" data-id=\"0da9ef4\" data-element_type=\"widget\" data-widget_type=\"heading.default\">\n\t\t\t\t<div class=\"elementor-widget-container\">\n\t\t\t\t\t<h2 class=\"elementor-heading-title elementor-size-default\">Artigos<\/h2>\t\t\t\t<\/div>\n\t\t\t\t<\/div>\n\t\t\t\t<div class=\"elementor-element elementor-element-9b4d1db elementor-grid-3 elementor-grid-tablet-2 elementor-grid-mobile-1 elementor-posts--thumbnail-top elementor-posts--show-avatar elementor-card-shadow-yes elementor-posts__hover-gradient elementor-widget elementor-widget-posts\" data-id=\"9b4d1db\" data-element_type=\"widget\" data-settings=\"{&quot;cards_columns&quot;:&quot;3&quot;,&quot;cards_columns_tablet&quot;:&quot;2&quot;,&quot;cards_columns_mobile&quot;:&quot;1&quot;,&quot;cards_row_gap&quot;:{&quot;unit&quot;:&quot;px&quot;,&quot;size&quot;:35,&quot;sizes&quot;:[]},&quot;cards_row_gap_tablet&quot;:{&quot;unit&quot;:&quot;px&quot;,&quot;size&quot;:&quot;&quot;,&quot;sizes&quot;:[]},&quot;cards_row_gap_mobile&quot;:{&quot;unit&quot;:&quot;px&quot;,&quot;size&quot;:&quot;&quot;,&quot;sizes&quot;:[]}}\" data-widget_type=\"posts.cards\">\n\t\t\t\t<div class=\"elementor-widget-container\">\n\t\t\t\t\t\t\t<div class=\"elementor-posts-container elementor-posts elementor-posts--skin-cards elementor-grid\">\n\t\t\t\t<article class=\"elementor-post elementor-grid-item post-204 post type-post status-publish format-standard hentry category-artigos\">\n\t\t\t<div class=\"elementor-post__card\">\n\t\t\t\t<div class=\"elementor-post__text\">\n\t\t\t\t<h3 class=\"elementor-post__title\">\n\t\t\t<a href=\"https:\/\/baaa.com.br\/index.php\/2025\/05\/29\/o-cabimento-de-agravo-de-instrumento-no-incidente-de-desconsideracao-da-personalidade-juridica\/\" >\n\t\t\t\tO cabimento de agravo de instrumento no incidente de desconsidera\u00e7\u00e3o da personalidade jur\u00eddica\t\t\t<\/a>\n\t\t<\/h3>\n\t\t\t\t<div class=\"elementor-post__excerpt\">\n\t\t\t<p>\u201cParte da jurisprud\u00eancia vem aplicando algo que me parece uma esp\u00e9cie de enunciado perform\u00e1tico\/interpretativo. Este, data venia, n\u00e3o representa a previs\u00e3o do texto legal\u201d. O C\u00f3digo de Processo Civil &#8211; que ora comemora seus dez anos &#8211; bem andou ao regrar, no plano processual, o rito do incidente de desconsidera\u00e7\u00e3o<\/p>\n\t\t<\/div>\n\t\t\n\t\t<a class=\"elementor-post__read-more\" href=\"https:\/\/baaa.com.br\/index.php\/2025\/05\/29\/o-cabimento-de-agravo-de-instrumento-no-incidente-de-desconsideracao-da-personalidade-juridica\/\" aria-label=\"Read more about O cabimento de agravo de instrumento no incidente de desconsidera\u00e7\u00e3o da personalidade jur\u00eddica\" tabindex=\"-1\" >\n\t\t\tLeia mais \u00bb\t\t<\/a>\n\n\t\t\t\t<\/div>\n\t\t\t\t<div class=\"elementor-post__meta-data\">\n\t\t\t\t\t<span class=\"elementor-post-date\">\n\t\t\t29 de May de 2025\t\t<\/span>\n\t\t\t\t<span class=\"elementor-post-avatar\">\n\t\t\tNo Comments\t\t<\/span>\n\t\t\t\t<\/div>\n\t\t\t\t\t<\/div>\n\t\t<\/article>\n\t\t\t\t<article class=\"elementor-post elementor-grid-item post-19 post type-post status-publish format-standard hentry category-artigos\">\n\t\t\t<div class=\"elementor-post__card\">\n\t\t\t\t<div class=\"elementor-post__text\">\n\t\t\t\t<h3 class=\"elementor-post__title\">\n\t\t\t<a href=\"https:\/\/baaa.com.br\/index.php\/2025\/05\/27\/a-multa-do-artigo-475-j-do-cpc-nao-deve-incidir-quando-o-devedor-nao-possuir-patrimonio\/\" >\n\t\t\t\tA multa do Artigo 475-J do CPC n\u00e3o deve incidir quando o devedor n\u00e3o possuir patrim\u00f4nio\t\t\t<\/a>\n\t\t<\/h3>\n\t\t\t\t<div class=\"elementor-post__excerpt\">\n\t\t\t<p>Por Anderson Bellini Alo\u00edsio Dentre as inova\u00e7\u00f5es trazidas pela Lei 11.232\/05, que introduziu o chamado Cumprimento da Senten\u00e7a no C\u00f3digo de Processo Civil, uma das que mais tem suscitado debates diz respeito a multa de dez por cento, insculpida no seu artigo 475 &#8211; J, destinada a punir o devedor<\/p>\n\t\t<\/div>\n\t\t\n\t\t<a class=\"elementor-post__read-more\" href=\"https:\/\/baaa.com.br\/index.php\/2025\/05\/27\/a-multa-do-artigo-475-j-do-cpc-nao-deve-incidir-quando-o-devedor-nao-possuir-patrimonio\/\" aria-label=\"Read more about A multa do Artigo 475-J do CPC n\u00e3o deve incidir quando o devedor n\u00e3o possuir patrim\u00f4nio\" tabindex=\"-1\" >\n\t\t\tLeia mais \u00bb\t\t<\/a>\n\n\t\t\t\t<\/div>\n\t\t\t\t<div class=\"elementor-post__meta-data\">\n\t\t\t\t\t<span class=\"elementor-post-date\">\n\t\t\t27 de May de 2025\t\t<\/span>\n\t\t\t\t<span class=\"elementor-post-avatar\">\n\t\t\tNo Comments\t\t<\/span>\n\t\t\t\t<\/div>\n\t\t\t\t\t<\/div>\n\t\t<\/article>\n\t\t\t\t<article class=\"elementor-post elementor-grid-item post-16 post type-post status-publish format-standard hentry category-artigos\">\n\t\t\t<div class=\"elementor-post__card\">\n\t\t\t\t<div class=\"elementor-post__text\">\n\t\t\t\t<h3 class=\"elementor-post__title\">\n\t\t\t<a href=\"https:\/\/baaa.com.br\/index.php\/2025\/05\/27\/a-corrupcao-parlamentar-pode-invalidar-as-leis\/\" >\n\t\t\t\tA corrup\u00e7\u00e3o parlamentar pode invalidar as leis?\t\t\t<\/a>\n\t\t<\/h3>\n\t\t\t\t<div class=\"elementor-post__excerpt\">\n\t\t\t<p>Por Anderson Bellini Aloisio Em meio a in\u00fameras den\u00fancias que cotidianamente p\u00f5e \u00e0 calva o problema da corrup\u00e7\u00e3o no Poder Legislativo Federal, a suposta compra de votos de parlamentares desencadeia conseq\u00fc\u00eancias jur\u00eddicas que n\u00e3o podem escapar \u00e0 reflex\u00e3o dos operadores do Direito. Tendo como fun\u00e7\u00e3o prec\u00edpua legislar, cada componente do<\/p>\n\t\t<\/div>\n\t\t\n\t\t<a class=\"elementor-post__read-more\" href=\"https:\/\/baaa.com.br\/index.php\/2025\/05\/27\/a-corrupcao-parlamentar-pode-invalidar-as-leis\/\" aria-label=\"Read more about A corrup\u00e7\u00e3o parlamentar pode invalidar as leis?\" tabindex=\"-1\" >\n\t\t\tLeia mais \u00bb\t\t<\/a>\n\n\t\t\t\t<\/div>\n\t\t\t\t<div class=\"elementor-post__meta-data\">\n\t\t\t\t\t<span class=\"elementor-post-date\">\n\t\t\t27 de May de 2025\t\t<\/span>\n\t\t\t\t<span class=\"elementor-post-avatar\">\n\t\t\tNo Comments\t\t<\/span>\n\t\t\t\t<\/div>\n\t\t\t\t\t<\/div>\n\t\t<\/article>\n\t\t\t\t<article class=\"elementor-post elementor-grid-item post-1 post type-post status-publish format-standard hentry category-artigos\">\n\t\t\t<div class=\"elementor-post__card\">\n\t\t\t\t<div class=\"elementor-post__text\">\n\t\t\t\t<h3 class=\"elementor-post__title\">\n\t\t\t<a href=\"https:\/\/baaa.com.br\/index.php\/2025\/05\/27\/sociedade-limitada-necessidade-de-adaptacao\/\" >\n\t\t\t\tSociedade Limitada &#8211; necessidade de adapta\u00e7\u00e3o\t\t\t<\/a>\n\t\t<\/h3>\n\t\t\t\t<div class=\"elementor-post__excerpt\">\n\t\t\t<p>Por Anderson Bellini Aloisio Senti-me instigado a tecer breves linhas, face a publica\u00e7\u00e3o nesta coluna de mat\u00e9ria intitulada &#8220;Sociedade limitada e a legisla\u00e7\u00e3o&#8221; onde o autor opinava pela desnecessidade de adapta\u00e7\u00e3o ao novo C\u00f3digo Civil, dos contratos das sociedades por quotas de responsabilidade limitada, firmados na vig\u00eancia da lei anterior,<\/p>\n\t\t<\/div>\n\t\t\n\t\t<a class=\"elementor-post__read-more\" href=\"https:\/\/baaa.com.br\/index.php\/2025\/05\/27\/sociedade-limitada-necessidade-de-adaptacao\/\" aria-label=\"Read more about Sociedade Limitada &#8211; necessidade de adapta\u00e7\u00e3o\" tabindex=\"-1\" >\n\t\t\tLeia mais \u00bb\t\t<\/a>\n\n\t\t\t\t<\/div>\n\t\t\t\t<div class=\"elementor-post__meta-data\">\n\t\t\t\t\t<span class=\"elementor-post-date\">\n\t\t\t27 de May de 2025\t\t<\/span>\n\t\t\t\t<span class=\"elementor-post-avatar\">\n\t\t\tNo Comments\t\t<\/span>\n\t\t\t\t<\/div>\n\t\t\t\t\t<\/div>\n\t\t<\/article>\n\t\t\t\t<\/div>\n\t\t\n\t\t\t\t\t\t<\/div>\n\t\t\t\t<\/div>\n\t\t\t\t\t<\/div>\n\t\t\t\t<\/div>\n\t\t\t\t<\/div>\n\t\t","protected":false},"excerpt":{"rendered":"<p>Bellini Aloisio Advogados Associados dedica-se ao Direito Empresarial e ao Direito Civil, exercendo uma advocacia que se dedica a tratar, com exclusividade, dos casos \u00e0 n\u00f3s confiados. Nossos processos s\u00e3o redigidos e acompanhados pessoalmente pelo titular do escrit\u00f3rio, resultando em uma advocacia exclusiva e de excel\u00eancia para nossos clientes. Algumas de nossas \u00e1reas de atua\u00e7\u00e3o [&hellip;]<\/p>\n","protected":false},"author":1,"featured_media":0,"parent":0,"menu_order":0,"comment_status":"closed","ping_status":"closed","template":"","meta":{"footnotes":""},"class_list":["post-2","page","type-page","status-publish","hentry"],"_links":{"self":[{"href":"https:\/\/baaa.com.br\/index.php\/wp-json\/wp\/v2\/pages\/2","targetHints":{"allow":["GET"]}}],"collection":[{"href":"https:\/\/baaa.com.br\/index.php\/wp-json\/wp\/v2\/pages"}],"about":[{"href":"https:\/\/baaa.com.br\/index.php\/wp-json\/wp\/v2\/types\/page"}],"author":[{"embeddable":true,"href":"https:\/\/baaa.com.br\/index.php\/wp-json\/wp\/v2\/users\/1"}],"replies":[{"embeddable":true,"href":"https:\/\/baaa.com.br\/index.php\/wp-json\/wp\/v2\/comments?post=2"}],"version-history":[{"count":28,"href":"https:\/\/baaa.com.br\/index.php\/wp-json\/wp\/v2\/pages\/2\/revisions"}],"predecessor-version":[{"id":214,"href":"https:\/\/baaa.com.br\/index.php\/wp-json\/wp\/v2\/pages\/2\/revisions\/214"}],"wp:attachment":[{"href":"https:\/\/baaa.com.br\/index.php\/wp-json\/wp\/v2\/media?parent=2"}],"curies":[{"name":"wp","href":"https:\/\/api.w.org\/{rel}","templated":true}]}}